{"id":34404,"date":"2019-10-09T07:49:43","date_gmt":"2019-10-09T07:49:43","guid":{"rendered":"http:\/\/rocxi.es\/?page_id=34404"},"modified":"2019-10-09T07:49:43","modified_gmt":"2019-10-09T07:49:43","slug":"blog","status":"publish","type":"page","link":"https:\/\/rocxi.es\/es\/blog\/","title":{"rendered":"Blog Cocina Tradicional Catalana"},"content":{"rendered":"<p>[vc_row][vc_column][vc_basic_grid post_type=&#8221;post&#8221; max_items=&#8221;5000&#8243; grid_id=&#8221;vc_gid:1570606853768-a2b092c8-e02f-8&#8243;][\/vc_column][\/vc_row]<\/p>\n","protected":false},"excerpt":{"rendered":"<p>[vc_row][vc_column][vc_basic_grid post_type=&#8221;post&#8221; max_items=&#8221;5000&#8243; grid_id=&#8221;vc_gid:1570606853768-a2b092c8-e02f-8&#8243;][\/vc_column][\/vc_row]<\/p>\n","protected":false},"author":1,"featured_media":0,"parent":0,"menu_order":0,"comment_status":"closed","ping_status":"closed","template":"","meta":[],"yoast_head":"<!-- This site is optimized with the Yoast SEO plugin v17.2 - https:\/\/yoast.com\/wordpress\/plugins\/seo\/ -->\n<title>Blog Cocina Tradicional Catalana | Rocxi Restaurantes en Barcelona<\/title>\n<meta name=\"description\" content=\"Blog sobre recetas, gastronom\u00eda y cocina tradicional catalana de los Restaurantes ROCXI en Barcelona, Sants, L&#039;Hospitalet de Llobregat i Sant Joan d&#039;Esp\u00ed.\" \/>\n<meta name=\"robots\" content=\"index, follow, max-snippet:-1, max-image-preview:large, max-video-preview:-1\" \/>\n<link rel=\"canonical\" href=\"https:\/\/rocxi.es\/es\/blog\/\" \/>\n<meta property=\"og:locale\" content=\"es_ES\" \/>\n<meta property=\"og:type\" content=\"article\" \/>\n<meta property=\"og:title\" content=\"Blog Cocina Tradicional Catalana | Rocxi Restaurantes en Barcelona\" \/>\n<meta property=\"og:description\" content=\"Blog sobre recetas, gastronom\u00eda y cocina tradicional catalana de los Restaurantes ROCXI en Barcelona, Sants, L&#039;Hospitalet de Llobregat i Sant Joan d&#039;Esp\u00ed.\" \/>\n<meta property=\"og:url\" content=\"https:\/\/rocxi.es\/es\/blog\/\" \/>\n<meta property=\"og:site_name\" content=\"ROCXI Restaurants - Barcelona, Sants, l&#039;Hospitalet, Sant Joan Desp\u00ed\" \/>\n<meta name=\"twitter:card\" content=\"summary\" \/>\n<script type=\"application\/ld+json\" class=\"yoast-schema-graph\">{\"@context\":\"https:\/\/schema.org\",\"@graph\":[{\"@type\":\"WebSite\",\"@id\":\"https:\/\/rocxi.es\/#website\",\"url\":\"https:\/\/rocxi.es\/\",\"name\":\"ROCXI Restaurants - Barcelona, Sants, l&#039;Hospitalet, Sant Joan Desp\\u00ed\",\"description\":\"A ROCXI Restaurants oferim l&#039;aut\\u00e8ntica cuina mediterr\\u00e0nia amb una cuidada carta de vins, obtenint la millor combinaci\\u00f3 de qualitat i preu.\",\"potentialAction\":[{\"@type\":\"SearchAction\",\"target\":{\"@type\":\"EntryPoint\",\"urlTemplate\":\"https:\/\/rocxi.es\/?s={search_term_string}\"},\"query-input\":\"required name=search_term_string\"}],\"inLanguage\":\"es-ES\"},{\"@type\":\"WebPage\",\"@id\":\"https:\/\/rocxi.es\/es\/blog\/#webpage\",\"url\":\"https:\/\/rocxi.es\/es\/blog\/\",\"name\":\"Blog Cocina Tradicional Catalana | Rocxi Restaurantes en Barcelona\",\"isPartOf\":{\"@id\":\"https:\/\/rocxi.es\/#website\"},\"datePublished\":\"2019-10-09T07:49:43+00:00\",\"dateModified\":\"2019-10-09T07:49:43+00:00\",\"description\":\"Blog sobre recetas, gastronom\\u00eda y cocina tradicional catalana de los Restaurantes ROCXI en Barcelona, Sants, L'Hospitalet de Llobregat i Sant Joan d'Esp\\u00ed.\",\"breadcrumb\":{\"@id\":\"https:\/\/rocxi.es\/es\/blog\/#breadcrumb\"},\"inLanguage\":\"es-ES\",\"potentialAction\":[{\"@type\":\"ReadAction\",\"target\":[\"https:\/\/rocxi.es\/es\/blog\/\"]}]},{\"@type\":\"BreadcrumbList\",\"@id\":\"https:\/\/rocxi.es\/es\/blog\/#breadcrumb\",\"itemListElement\":[{\"@type\":\"ListItem\",\"position\":1,\"name\":\"Portada\",\"item\":\"https:\/\/rocxi.es\/es\/\"},{\"@type\":\"ListItem\",\"position\":2,\"name\":\"Blog Cocina Tradicional Catalana\"}]}]}<\/script>\n<!-- \/ Yoast SEO plugin. -->","yoast_head_json":{"title":"Blog Cocina Tradicional Catalana | Rocxi Restaurantes en Barcelona","description":"Blog sobre recetas, gastronom\u00eda y cocina tradicional catalana de los Restaurantes ROCXI en Barcelona, Sants, L'Hospitalet de Llobregat i Sant Joan d'Esp\u00ed.","robots":{"index":"index","follow":"follow","max-snippet":"max-snippet:-1","max-image-preview":"max-image-preview:large","max-video-preview":"max-video-preview:-1"},"canonical":"https:\/\/rocxi.es\/es\/blog\/","og_locale":"es_ES","og_type":"article","og_title":"Blog Cocina Tradicional Catalana | Rocxi Restaurantes en Barcelona","og_description":"Blog sobre recetas, gastronom\u00eda y cocina tradicional catalana de los Restaurantes ROCXI en Barcelona, Sants, L'Hospitalet de Llobregat i Sant Joan d'Esp\u00ed.","og_url":"https:\/\/rocxi.es\/es\/blog\/","og_site_name":"ROCXI Restaurants - Barcelona, Sants, l&#039;Hospitalet, Sant Joan Desp\u00ed","twitter_card":"summary","schema":{"@context":"https:\/\/schema.org","@graph":[{"@type":"WebSite","@id":"https:\/\/rocxi.es\/#website","url":"https:\/\/rocxi.es\/","name":"ROCXI Restaurants - Barcelona, Sants, l&#039;Hospitalet, Sant Joan Desp\u00ed","description":"A ROCXI Restaurants oferim l&#039;aut\u00e8ntica cuina mediterr\u00e0nia amb una cuidada carta de vins, obtenint la millor combinaci\u00f3 de qualitat i preu.","potentialAction":[{"@type":"SearchAction","target":{"@type":"EntryPoint","urlTemplate":"https:\/\/rocxi.es\/?s={search_term_string}"},"query-input":"required name=search_term_string"}],"inLanguage":"es-ES"},{"@type":"WebPage","@id":"https:\/\/rocxi.es\/es\/blog\/#webpage","url":"https:\/\/rocxi.es\/es\/blog\/","name":"Blog Cocina Tradicional Catalana | Rocxi Restaurantes en Barcelona","isPartOf":{"@id":"https:\/\/rocxi.es\/#website"},"datePublished":"2019-10-09T07:49:43+00:00","dateModified":"2019-10-09T07:49:43+00:00","description":"Blog sobre recetas, gastronom\u00eda y cocina tradicional catalana de los Restaurantes ROCXI en Barcelona, Sants, L'Hospitalet de Llobregat i Sant Joan d'Esp\u00ed.","breadcrumb":{"@id":"https:\/\/rocxi.es\/es\/blog\/#breadcrumb"},"inLanguage":"es-ES","potentialAction":[{"@type":"ReadAction","target":["https:\/\/rocxi.es\/es\/blog\/"]}]},{"@type":"BreadcrumbList","@id":"https:\/\/rocxi.es\/es\/blog\/#breadcrumb","itemListElement":[{"@type":"ListItem","position":1,"name":"Portada","item":"https:\/\/rocxi.es\/es\/"},{"@type":"ListItem","position":2,"name":"Blog Cocina Tradicional Catalana"}]}]}},"_links":{"self":[{"href":"https:\/\/rocxi.es\/es\/wp-json\/wp\/v2\/pages\/34404"}],"collection":[{"href":"https:\/\/rocxi.es\/es\/wp-json\/wp\/v2\/pages"}],"about":[{"href":"https:\/\/rocxi.es\/es\/wp-json\/wp\/v2\/types\/page"}],"author":[{"embeddable":true,"href":"https:\/\/rocxi.es\/es\/wp-json\/wp\/v2\/users\/1"}],"replies":[{"embeddable":true,"href":"https:\/\/rocxi.es\/es\/wp-json\/wp\/v2\/comments?post=34404"}],"version-history":[{"count":0,"href":"https:\/\/rocxi.es\/es\/wp-json\/wp\/v2\/pages\/34404\/revisions"}],"wp:attachment":[{"href":"https:\/\/rocxi.es\/es\/wp-json\/wp\/v2\/media?parent=34404"}],"curies":[{"name":"wp","href":"https:\/\/api.w.org\/{rel}","templated":true}]}}