{"id":30652,"date":"2017-11-14T15:51:47","date_gmt":"2017-11-14T15:51:47","guid":{"rendered":"http:\/\/rocxi.es\/?page_id=30652"},"modified":"2023-12-18T10:49:12","modified_gmt":"2023-12-18T10:49:12","slug":"politica-de-privacidad","status":"publish","type":"page","link":"https:\/\/rocxi.es\/es\/politica-de-privacidad\/","title":{"rendered":"Politica de privacidad"},"content":{"rendered":"<p><strong>1. Pol\u00edtica de privacidad<\/strong><\/p>\n<p>Pilar Guilera Galimany informa a los usuarios del sitio web sobre su pol\u00edtica respecto del tratamiento y<br \/>\nprotecci\u00f3n de los datos de car\u00e1cter personal de los usuarios y clientes que puedan ser<br \/>\nrecabados por la navegaci\u00f3n o contrataci\u00f3n de servicios a trav\u00e9s de su sitio web.<br \/>\nEn este sentido, Pilar Guilera Galimany garantiza el cumplimiento de la normativa vigente en materia de<br \/>\nprotecci\u00f3n de datos personales, reflejada en la Ley Org\u00e1nica 15\/1999 de 13 de diciembre, de<br \/>\nProtecci\u00f3n de Datos de Car\u00e1cter Personal y en el Real Decreto 1720\/2007, de 21 diciembre, por<br \/>\nel que se aprueba el Reglamento de Desarrollo de la LOPD.<br \/>\nEl uso de esta web implica la aceptaci\u00f3n de esta pol\u00edtica de privacidad.<\/p>\n<p><strong>2. Recogida, finalidad y tratamientos de datos<\/strong><\/p>\n<p>Pilar Guilera Galimany tiene el deber de informar a los usuarios de su sitio web acerca de la recogida de<br \/>\ndatos de car\u00e1cter personal que pueden llevarse a cabo, bien sea mediante el env\u00edo de correo<br \/>\nelectr\u00f3nico o al cumplimentar los formularios incluidos en el sitio web. En este sentido, Pilar Guilera Galimany ser\u00e1 considerada como responsable de los datos recabados mediante los medios<br \/>\nanteriormente descritos.<br \/>\nA su vez Pilar Guilera Galimany informa a los usuarios de que la finalidad del tratamiento de los datos<br \/>\nrecabados contempla: La atenci\u00f3n de solicitudes realizadas por los usuarios, la inclusi\u00f3n en la<br \/>\nagenda de contactos, la prestaci\u00f3n de servicios, la gesti\u00f3n de la relaci\u00f3n comercial.<br \/>\nLas operaciones, gestiones y procedimientos t\u00e9cnicos que se realicen de forma automatizada o<br \/>\nno automatizada y que posibiliten la recogida, el almacenamiento, la modificaci\u00f3n, la<br \/>\ntransferencia y otras acciones sobre datos de car\u00e1cter personal, tienen la consideraci\u00f3n de<br \/>\ntratamiento de datos personales.<br \/>\nTodos los datos personales, que sean recogidos a trav\u00e9s del sitio web de Pilar Guilera Galimany, y por<br \/>\ntanto tenga la consideraci\u00f3n de tratamiento de datos de car\u00e1cter personal, ser\u00e1n incorporados en<br \/>\nlos ficheros declarados ante la Agencia Espa\u00f1ola de Protecci\u00f3n de Datos por Pilar Guilera Galimany.<\/p>\n<p><strong>3. Comunicaci\u00f3n de informaci\u00f3n a terceros<\/strong><\/p>\n<p>Pilar Guilera Galimany informa a los usuarios de que sus datos personales no ser\u00e1n cedidos a terceras<br \/>\norganizaciones, con la salvedad de que dicha cesi\u00f3n de datos este amparada en una obligaci\u00f3n<br \/>\nlegal o cuando la prestaci\u00f3n de un servicio implique la necesidad de una relaci\u00f3n contractual con<br \/>\nun encargado de tratamiento. En este \u00faltimo caso, solo se llevar\u00e1 a cabo la cesi\u00f3n de datos al<br \/>\ntercero cuando Pilar Guilera Galimany disponga del consentimiento expreso del usuario.<\/p>\n<p><strong>4. Derechos de los usuarios<\/strong><\/p>\n<p>La Ley Org\u00e1nica 15\/1999, de 13 de diciembre, de Protecci\u00f3n de Datos de Car\u00e1cter Personal<br \/>\nconcede a los interesados la posibilidad de ejercer una serie de derechos relacionados con el<br \/>\ntratamiento de sus datos personales.<br \/>\nEn tanto en cuanto los datos del usuario son objeto de tratamiento por parte de Pilar Guilera Galimany. Los<br \/>\nusuarios podr\u00e1n ejercer los derechos de acceso, rectificaci\u00f3n, cancelaci\u00f3n y oposici\u00f3n de<br \/>\nacuerdo con lo previsto en la normativa legal vigente en materia de protecci\u00f3n de datos<br \/>\npersonales.<br \/>\nPara hacer uso del ejercicio de estos derechos, el usuario deber\u00e1 dirigirse mediante<br \/>\ncomunicaci\u00f3n escrita, aportando documentaci\u00f3n que acredite su identidad (DNI o pasaporte), a<br \/>\nla siguiente direcci\u00f3n: Pilar Guilera Galimany, C\/doctor marti juli\u00e0 54, 08903, hospitalet de llobregat, Barcelona, ES. Dicha<br \/>\ncomunicaci\u00f3n deber\u00e1 reflejar la siguiente informaci\u00f3n: Nombre y apellidos del usuario, la petici\u00f3n<br \/>\nde solicitud, el domicilio y los datos acreditativos.<br \/>\nEl ejercicio de derechos deber\u00e1 ser realizado por el propio usuario. No obstante, podr\u00e1n ser<br \/>\nejecutados por una persona autorizada como representante legal del autorizado. En tal caso, se<br \/>\ndeber\u00e1 aportar la documentaci\u00f3n que acredite esta representaci\u00f3n del interesado.<\/p>\n<p>En cumplimiento con lo dispuesto en el art\u00edculo 22.2 de la Ley 34\/2002, de 11 de julio, de Servicios de la Sociedad de la Informaci\u00f3n y de Comercio Electr\u00f3nico, esta p\u00e1gina web le informa, en esta secci\u00f3n, sobre la\u00a0<strong>pol\u00edtica de recogida y tratamiento de cookies<\/strong>.<\/p>\n<p><strong>\u00bfQu\u00e9 son las cookies?<\/strong><\/p>\n<p>Una cookie es un fichero que se descarga en su ordenador al\u00a0acceder a determinadas p\u00e1ginas web. Las cookies permiten a una p\u00e1gina web,\u00a0entre otras cosas, almacenar y recuperar informaci\u00f3n sobre los h\u00e1bitos de\u00a0navegaci\u00f3n de un usuario o de su equipo y, dependiendo de la informaci\u00f3n que\u00a0contengan y de la forma en que utilice su equipo, pueden utilizarse para\u00a0reconocer al usuario.<\/p>\n<p><strong>\u00bfQu\u00e9 tipos de cookies utiliza esta p\u00e1gina web?\u00a0<\/strong><\/p>\n<p>Esta p\u00e1gina web utiliza los siguientes tipos de cookies:<\/p>\n<p><strong>Cookies de an\u00e1lisis<\/strong>: Son aqu\u00e9llas que bien tratadas por nosotros o por\u00a0terceros, nos permiten cuantificar el n\u00famero de usuarios y as\u00ed realizar la\u00a0medici\u00f3n y an\u00e1lisis estad\u00edstico de la utilizaci\u00f3n que hacen los usuarios del\u00a0servicio ofertado. Para ello se analiza su navegaci\u00f3n en nuestra p\u00e1gina web\u00a0con el fin de mejorar la oferta de productos o servicios que le ofrecemos.<\/p>\n<p><strong>Cookies t\u00e9cnicas<\/strong>: Son aquellas que permiten al usuario la navegaci\u00f3n a trav\u00e9s del \u00e1rea restringida y la utilizaci\u00f3n de sus diferentes funciones, como por ejemplo, llevar a cambio el proceso de compra de un art\u00edculo.<\/p>\n<p><strong>Cookies de personalizaci\u00f3n<\/strong>: Son aquellas que permiten al usuario acceder al servicio con algunas caracter\u00edsticas de car\u00e1cter general predefinidas en funci\u00f3n de una serie de criterios en el terminal del usuario como por ejemplo serian el idioma o el tipo de navegador a trav\u00e9s del cual se conecta al servicio.<\/p>\n<p><strong>Cookies publicitarias<\/strong>: Son aqu\u00e9llas que, bien tratadas por esta web\u00a0o por\u00a0terceros, permiten gestionar de la forma m\u00e1s eficaz posible la oferta de\u00a0los espacios publicitarios que hay en la p\u00e1gina web, adecuando el contenido\u00a0del anuncio al contenido del servicio solicitado o al uso que realice de nuestra\u00a0p\u00e1gina web. Para ello podemos analizar sus h\u00e1bitos de navegaci\u00f3n en Internet\u00a0y podemos mostrarle publicidad relacionada con su perfil de navegaci\u00f3n.<\/p>\n<p><strong>Cookies de publicidad comportamental<\/strong>: Son aquellas que permiten la gesti\u00f3n, de la forma m\u00e1s eficaz posible, de los espacios publicitarios que, en su caso, el editor haya incluido en una p\u00e1gina web, aplicaci\u00f3n o plataforma desde la que presta el servicio solicitado. Este tipo de cookies almacenan informaci\u00f3n del comportamiento de los visitantes\u00a0obtenida a trav\u00e9s de la observaci\u00f3n continuada de sus h\u00e1bitos de navegaci\u00f3n, lo que permite desarrollar un perfil espec\u00edfico para mostrar avisos publicitarios\u00a0en funci\u00f3n del mismo.<\/p>\n<p><strong>Desactivar las cookies.<\/strong><\/p>\n<p>Puede usted\u00a0<strong>permitir, bloquear o eliminar las cookies<\/strong>\u00a0instaladas en su equipo\u00a0mediante la configuraci\u00f3n de las opciones del navegador instalado en su\u00a0ordenador.<\/p>\n<p>En la mayor\u00eda de los navegadores web se ofrece la posibilidad de permitir, bloquear o eliminar las cookies instaladas en su equipo.<\/p>\n<p>A continuaci\u00f3n puede acceder a la configuraci\u00f3n de los navegadores webs m\u00e1s frecuentes para aceptar, instalar o desactivar las cookies:<\/p>\n<p><a href=\"https:\/\/support.google.com\/chrome\/answer\/95647?hl=es\" rel=\"nofollow noopener noreferrer\">Configurar cookies en Google Chrome<\/a><\/p>\n<p><a href=\"http:\/\/windows.microsoft.com\/es-es\/windows7\/how-to-manage-cookies-in-internet-explorer-9\" rel=\"nofollow noopener noreferrer\">Configurar cookies en Microsoft Internet Explorer<\/a><\/p>\n<p><a href=\"https:\/\/support.mozilla.org\/es\/kb\/habilitar-y-deshabilitar-cookies-sitios-web-rastrear-preferencias?redirectlocale=es&amp;redirectslug=habilitar-y-deshabilitar-cookies-que-los-sitios-we\" rel=\"nofollow noopener noreferrer\">Configurar cookies en Mozilla Firefox<\/a><\/p>\n<p><a href=\"https:\/\/support.apple.com\/es-es\/HT201265\" rel=\"nofollow noopener noreferrer\">Configurar cookies en Safari (Apple)<\/a><\/p>\n<p><strong>Cookies de terceros.<\/strong><\/p>\n<p>Esta p\u00e1gina web utiliza\u00a0servicios de terceros para recopilar informaci\u00f3n con fines estad\u00edsticos y de uso de la web. Se usan cookies de DoubleClick para mejorar la publicidad que se incluye en el sitio web. Son utilizadas para orientar la publicidad seg\u00fan el contenido que es relevante para un usuario, mejorando as\u00ed la calidad de experiencia en el uso del mismo.<\/p>\n<p>En concreto, usamos los servicios de Google Adsense y de Google Analytics para nuestras estad\u00edsticas y publicidad. Algunas cookies son esenciales para el funcionamiento del sitio, por ejemplo el buscador incorporado.<\/p>\n<p>Nuestro sitio incluye otras funcionalidades proporcionadas por terceros. Usted puede f\u00e1cilmente compartir el contenido en redes sociales como Facebook, Twitter o Google +, con los botones que hemos incluido a tal efecto.<\/p>\n<p><strong>Advertencia sobre eliminar\u00a0cookies.<\/strong><\/p>\n<p>Usted puede eliminar y bloquear todas las cookies de este sitio, pero parte del sitio no funcionar\u00e1 o la calidad de la p\u00e1gina web puede verse afectada.<\/p>\n<p>Si tiene cualquier duda acerca de\u00a0nuestra pol\u00edtica de cookies, puede contactar con esta p\u00e1gina web a trav\u00e9s de nuestros canales de Contacto.<\/p>\n","protected":false},"excerpt":{"rendered":"<p>1. Pol\u00edtica de privacidad Pilar Guilera Galimany informa a los usuarios del sitio web sobre su pol\u00edtica respecto del tratamiento&#8230;<\/p>\n","protected":false},"author":1,"featured_media":0,"parent":0,"menu_order":0,"comment_status":"closed","ping_status":"closed","template":"","meta":[],"yoast_head":"<!-- This site is optimized with the Yoast SEO plugin v17.2 - https:\/\/yoast.com\/wordpress\/plugins\/seo\/ -->\n<title>Politica de privacidad - ROCXI Restaurants - Barcelona, Sants, l&#039;Hospitalet, Sant Joan Desp\u00ed<\/title>\n<meta name=\"robots\" content=\"noindex, nofollow\" \/>\n<meta property=\"og:locale\" content=\"es_ES\" \/>\n<meta property=\"og:type\" content=\"article\" \/>\n<meta property=\"og:title\" content=\"Politica de privacidad - ROCXI Restaurants - Barcelona, Sants, l&#039;Hospitalet, Sant Joan Desp\u00ed\" \/>\n<meta property=\"og:description\" content=\"1. Pol\u00edtica de privacidad Pilar Guilera Galimany informa a los usuarios del sitio web sobre su pol\u00edtica respecto del tratamiento...\" \/>\n<meta property=\"og:url\" content=\"https:\/\/rocxi.es\/es\/politica-de-privacidad\/\" \/>\n<meta property=\"og:site_name\" content=\"ROCXI Restaurants - Barcelona, Sants, l&#039;Hospitalet, Sant Joan Desp\u00ed\" \/>\n<meta property=\"article:modified_time\" content=\"2023-12-18T10:49:12+00:00\" \/>\n<meta name=\"twitter:card\" content=\"summary\" \/>\n<meta name=\"twitter:label1\" content=\"Tiempo de lectura\" \/>\n\t<meta name=\"twitter:data1\" content=\"6 minutos\" \/>\n<script type=\"application\/ld+json\" class=\"yoast-schema-graph\">{\"@context\":\"https:\/\/schema.org\",\"@graph\":[{\"@type\":\"WebSite\",\"@id\":\"https:\/\/rocxi.es\/#website\",\"url\":\"https:\/\/rocxi.es\/\",\"name\":\"ROCXI Restaurants - Barcelona, Sants, l&#039;Hospitalet, Sant Joan Desp\\u00ed\",\"description\":\"A ROCXI Restaurants oferim l&#039;aut\\u00e8ntica cuina mediterr\\u00e0nia amb una cuidada carta de vins, obtenint la millor combinaci\\u00f3 de qualitat i preu.\",\"potentialAction\":[{\"@type\":\"SearchAction\",\"target\":{\"@type\":\"EntryPoint\",\"urlTemplate\":\"https:\/\/rocxi.es\/?s={search_term_string}\"},\"query-input\":\"required name=search_term_string\"}],\"inLanguage\":\"es-ES\"},{\"@type\":\"WebPage\",\"@id\":\"https:\/\/rocxi.es\/es\/politica-de-privacidad\/#webpage\",\"url\":\"https:\/\/rocxi.es\/es\/politica-de-privacidad\/\",\"name\":\"Politica de privacidad - ROCXI Restaurants - Barcelona, Sants, l&#039;Hospitalet, Sant Joan Desp\\u00ed\",\"isPartOf\":{\"@id\":\"https:\/\/rocxi.es\/#website\"},\"datePublished\":\"2017-11-14T15:51:47+00:00\",\"dateModified\":\"2023-12-18T10:49:12+00:00\",\"breadcrumb\":{\"@id\":\"https:\/\/rocxi.es\/es\/politica-de-privacidad\/#breadcrumb\"},\"inLanguage\":\"es-ES\",\"potentialAction\":[{\"@type\":\"ReadAction\",\"target\":[\"https:\/\/rocxi.es\/es\/politica-de-privacidad\/\"]}]},{\"@type\":\"BreadcrumbList\",\"@id\":\"https:\/\/rocxi.es\/es\/politica-de-privacidad\/#breadcrumb\",\"itemListElement\":[{\"@type\":\"ListItem\",\"position\":1,\"name\":\"Portada\",\"item\":\"https:\/\/rocxi.es\/es\/\"},{\"@type\":\"ListItem\",\"position\":2,\"name\":\"Politica de privacidad\"}]}]}<\/script>\n<!-- \/ Yoast SEO plugin. -->","yoast_head_json":{"title":"Politica de privacidad - ROCXI Restaurants - Barcelona, Sants, l&#039;Hospitalet, Sant Joan Desp\u00ed","robots":{"index":"noindex","follow":"nofollow"},"og_locale":"es_ES","og_type":"article","og_title":"Politica de privacidad - ROCXI Restaurants - Barcelona, Sants, l&#039;Hospitalet, Sant Joan Desp\u00ed","og_description":"1. Pol\u00edtica de privacidad Pilar Guilera Galimany informa a los usuarios del sitio web sobre su pol\u00edtica respecto del tratamiento...","og_url":"https:\/\/rocxi.es\/es\/politica-de-privacidad\/","og_site_name":"ROCXI Restaurants - Barcelona, Sants, l&#039;Hospitalet, Sant Joan Desp\u00ed","article_modified_time":"2023-12-18T10:49:12+00:00","twitter_card":"summary","twitter_misc":{"Tiempo de lectura":"6 minutos"},"schema":{"@context":"https:\/\/schema.org","@graph":[{"@type":"WebSite","@id":"https:\/\/rocxi.es\/#website","url":"https:\/\/rocxi.es\/","name":"ROCXI Restaurants - Barcelona, Sants, l&#039;Hospitalet, Sant Joan Desp\u00ed","description":"A ROCXI Restaurants oferim l&#039;aut\u00e8ntica cuina mediterr\u00e0nia amb una cuidada carta de vins, obtenint la millor combinaci\u00f3 de qualitat i preu.","potentialAction":[{"@type":"SearchAction","target":{"@type":"EntryPoint","urlTemplate":"https:\/\/rocxi.es\/?s={search_term_string}"},"query-input":"required name=search_term_string"}],"inLanguage":"es-ES"},{"@type":"WebPage","@id":"https:\/\/rocxi.es\/es\/politica-de-privacidad\/#webpage","url":"https:\/\/rocxi.es\/es\/politica-de-privacidad\/","name":"Politica de privacidad - ROCXI Restaurants - Barcelona, Sants, l&#039;Hospitalet, Sant Joan Desp\u00ed","isPartOf":{"@id":"https:\/\/rocxi.es\/#website"},"datePublished":"2017-11-14T15:51:47+00:00","dateModified":"2023-12-18T10:49:12+00:00","breadcrumb":{"@id":"https:\/\/rocxi.es\/es\/politica-de-privacidad\/#breadcrumb"},"inLanguage":"es-ES","potentialAction":[{"@type":"ReadAction","target":["https:\/\/rocxi.es\/es\/politica-de-privacidad\/"]}]},{"@type":"BreadcrumbList","@id":"https:\/\/rocxi.es\/es\/politica-de-privacidad\/#breadcrumb","itemListElement":[{"@type":"ListItem","position":1,"name":"Portada","item":"https:\/\/rocxi.es\/es\/"},{"@type":"ListItem","position":2,"name":"Politica de privacidad"}]}]}},"_links":{"self":[{"href":"https:\/\/rocxi.es\/es\/wp-json\/wp\/v2\/pages\/30652"}],"collection":[{"href":"https:\/\/rocxi.es\/es\/wp-json\/wp\/v2\/pages"}],"about":[{"href":"https:\/\/rocxi.es\/es\/wp-json\/wp\/v2\/types\/page"}],"author":[{"embeddable":true,"href":"https:\/\/rocxi.es\/es\/wp-json\/wp\/v2\/users\/1"}],"replies":[{"embeddable":true,"href":"https:\/\/rocxi.es\/es\/wp-json\/wp\/v2\/comments?post=30652"}],"version-history":[{"count":1,"href":"https:\/\/rocxi.es\/es\/wp-json\/wp\/v2\/pages\/30652\/revisions"}],"predecessor-version":[{"id":42295,"href":"https:\/\/rocxi.es\/es\/wp-json\/wp\/v2\/pages\/30652\/revisions\/42295"}],"wp:attachment":[{"href":"https:\/\/rocxi.es\/es\/wp-json\/wp\/v2\/media?parent=30652"}],"curies":[{"name":"wp","href":"https:\/\/api.w.org\/{rel}","templated":true}]}}