{"id":31296,"date":"2017-11-30T14:24:15","date_gmt":"2017-11-30T14:24:15","guid":{"rendered":"http:\/\/rocxi.es\/?page_id=31296"},"modified":"2025-09-30T13:28:29","modified_gmt":"2025-09-30T13:28:29","slug":"reserva-al-raco-del-cargol","status":"publish","type":"page","link":"https:\/\/rocxi.es\/en\/reserva-al-raco-del-cargol\/","title":{"rendered":"Reserva al Rac\u00f3 del Cargol"},"content":{"rendered":"<p>[vc_row][vc_column]\n\t\t\t<!-- START reserva raco del cargol eng REVOLUTION SLIDER 6.5.6 --><p class=\"rs-p-wp-fix\"><\/p>\n\t\t\t<rs-module-wrap id=\"rev_slider_23_1_wrapper\" data-source=\"gallery\" style=\"visibility:hidden;background:transparent;padding:0;margin:0px auto;margin-top:0;margin-bottom:0;\">\n\t\t\t\t<rs-module id=\"rev_slider_23_1\" style=\"\" data-version=\"6.5.6\">\n\t\t\t\t\t<rs-slides>\n\t\t\t\t\t\t<rs-slide style=\"position: absolute;\" data-key=\"rs-33\" data-title=\"Slide\" data-anim=\"ms:600;\" data-in=\"o:0;\" data-out=\"a:false;\">\n\t\t\t\t\t\t\t<img src=\"\/\/rocxi.es\/wp-content\/plugins\/revslider\/public\/assets\/assets\/dummy.png\" alt=\"Slide\" title=\"Reserva al Rac\u00f3 del Cargol\" class=\"rev-slidebg tp-rs-img rs-lazyload\" data-lazyload=\"\/\/rocxi.es\/wp-content\/plugins\/revslider\/public\/assets\/assets\/transparent.png\" data-bg=\"c:#000000;\" data-no-retina>\n<!--\n\t\t\t\t\t\t\t--><rs-layer\n\t\t\t\t\t\t\t\tid=\"slider-23-slide-33-layer-1\" \n\t\t\t\t\t\t\t\tdata-type=\"text\"\n\t\t\t\t\t\t\t\tdata-rsp_ch=\"on\"\n\t\t\t\t\t\t\t\tdata-xy=\"x:c;xo:9px,0,0,0;y:m;yo:-48px,-21px,-116px,0;\"\n\t\t\t\t\t\t\t\tdata-text=\"s:180,200,180,110;l:22;fw:700;a:inherit;\"\n\t\t\t\t\t\t\t\tdata-dim=\"w:659px,757px,667px,411px;h:24px,auto,23px,25px;\"\n\t\t\t\t\t\t\t\tdata-frame_0=\"tp:600;\"\n\t\t\t\t\t\t\t\tdata-frame_1=\"tp:600;sp:290;sR:10;\"\n\t\t\t\t\t\t\t\tdata-frame_999=\"o:0;tp:600;st:w;sp:310;sR:8700;\"\n\t\t\t\t\t\t\t\tstyle=\"z-index:5;font-family:'Montserrat';\"\n\t\t\t\t\t\t\t>reserve \n\t\t\t\t\t\t\t<\/rs-layer><!--\n\n\t\t\t\t\t\t\t--><rs-layer\n\t\t\t\t\t\t\t\tid=\"slider-23-slide-33-layer-2\" \n\t\t\t\t\t\t\t\tdata-type=\"text\"\n\t\t\t\t\t\t\t\tdata-color=\"#ffa742\"\n\t\t\t\t\t\t\t\tdata-rsp_ch=\"on\"\n\t\t\t\t\t\t\t\tdata-xy=\"x:c;xo:28px,0,0,-1px;yo:236px,215px,259px,292px;\"\n\t\t\t\t\t\t\t\tdata-text=\"s:80,80,80,50;l:22;a:inherit;\"\n\t\t\t\t\t\t\t\tdata-frame_0=\"tp:600;\"\n\t\t\t\t\t\t\t\tdata-frame_1=\"tp:600;sp:290;sR:10;\"\n\t\t\t\t\t\t\t\tdata-frame_999=\"o:0;tp:600;st:w;sp:310;sR:8700;\"\n\t\t\t\t\t\t\t\tstyle=\"z-index:6;font-family:'vendetta';\"\n\t\t\t\t\t\t\t>Raco del cargol \n\t\t\t\t\t\t\t<\/rs-layer><!--\n\n\t\t\t\t\t\t\t--><rs-layer\n\t\t\t\t\t\t\t\tid=\"slider-23-slide-33-layer-5\" \n\t\t\t\t\t\t\t\tdata-type=\"text\"\n\t\t\t\t\t\t\t\tdata-rsp_ch=\"on\"\n\t\t\t\t\t\t\t\tdata-xy=\"x:c;xo:285px,0,0,-5px;y:t,t,t,m;yo:417px,469px,479px,73px;\"\n\t\t\t\t\t\t\t\tdata-text=\"s:20,30,30,20;l:22;a:inherit;\"\n\t\t\t\t\t\t\t\tdata-dim=\"w:134px,213px,213px,142px;h:23px,auto,auto,23px;\"\n\t\t\t\t\t\t\t\tdata-frame_0=\"tp:600;\"\n\t\t\t\t\t\t\t\tdata-frame_1=\"tp:600;sp:290;sR:10;\"\n\t\t\t\t\t\t\t\tdata-frame_999=\"o:0;tp:600;st:w;sp:310;sR:8700;\"\n\t\t\t\t\t\t\t\tstyle=\"z-index:7;font-family:'Montserrat';\"\n\t\t\t\t\t\t\t>L'HOSPITALET \n\t\t\t\t\t\t\t<\/rs-layer><!--\n\n\t\t\t\t\t\t\t--><rs-layer\n\t\t\t\t\t\t\t\tid=\"slider-23-slide-33-layer-7\" \n\t\t\t\t\t\t\t\tdata-type=\"text\"\n\t\t\t\t\t\t\t\tdata-color=\"#ffa742\"\n\t\t\t\t\t\t\t\tdata-rsp_ch=\"on\"\n\t\t\t\t\t\t\t\tdata-xy=\"x:c;xo:-82px,0,0,-1px;yo:212px,215px,259px,292px;\"\n\t\t\t\t\t\t\t\tdata-text=\"s:80,80,80,50;l:22;a:inherit;\"\n\t\t\t\t\t\t\t\tdata-frame_0=\"tp:600;\"\n\t\t\t\t\t\t\t\tdata-frame_1=\"tp:600;sp:290;sR:10;\"\n\t\t\t\t\t\t\t\tdata-frame_999=\"o:0;tp:600;st:w;sp:310;sR:8700;\"\n\t\t\t\t\t\t\t\tstyle=\"z-index:8;font-family:'Arial', 'Helvetica', 'sans-serif';\"\n\t\t\t\t\t\t\t>\u00b4 \n\t\t\t\t\t\t\t<\/rs-layer><!--\n-->\t\t\t\t\t\t<\/rs-slide>\n\t\t\t\t\t<\/rs-slides>\n\t\t\t\t<\/rs-module>\n\t\t\t\t<script type=\"text\/javascript\">\n\t\t\t\t\tsetREVStartSize({c: 'rev_slider_23_1',rl:[1240,1024,778,480],el:[],gw:[1240,1024,778,480],gh:[768,668,960,720],type:'standard',justify:'',layout:'fullwidth',mh:\"0\"});if (window.RS_MODULES!==undefined && window.RS_MODULES.modules!==undefined && window.RS_MODULES.modules[\"revslider231\"]!==undefined) {window.RS_MODULES.modules[\"revslider231\"].once = false;window.revapi23 = undefined;if (window.RS_MODULES.checkMinimal!==undefined) window.RS_MODULES.checkMinimal()}\n\t\t\t\t<\/script>\n\t\t\t<\/rs-module-wrap>\n\t\t\t<!-- END REVOLUTION SLIDER -->\n[\/vc_column][\/vc_row][vc_row][vc_column el_class=&#8221;z-index&#8221; css=&#8221;.vc_custom_1509298613504{margin-top: -100px !important;}&#8221;]<div id=\"fullwidth-block-69d640862e362\" class=\"fullwidth-block clearfix\"  style=\"padding-top: 194px;padding-left: 20px;padding-right: 20px;\"><script type=\"text\/javascript\">if (typeof(gem_fix_fullwidth_position) == \"function\") { gem_fix_fullwidth_position(document.getElementById(\"fullwidth-block-69d640862e362\")); }<\/script><div class=\"fullwidth-block-background\" style=\"background-image: url(https:\/\/rocxi.es\/wp-content\/uploads\/2017\/10\/banner-ristorante.png);background-repeat: no-repeat;background-position: center top;\"><\/div><div class=\"fullwidth-block-inner\"><div class=\"container\">[vc_row_inner css=&#8221;.vc_custom_1466689325559{background-color: #ffffff !important;}&#8221;][vc_column_inner width=&#8221;1\/2&#8243; offset=&#8221;vc_col-lg-offset-0&#8243; css=&#8221;.vc_custom_1466763010404{padding-right: 50px !important;padding-left: 50px !important;}&#8221;]<div class=\"clearboth\"><\/div><div class=\"gem-divider \" style=\"margin-top: 12px;\"><\/div>[vc_column_text]<\/p>\n<div class=\"title-h4\"><span style=\"color: #262626;\">BOOK A TABLE<\/span><\/div>\n<p>[\/vc_column_text]<div class=\"clearboth\"><\/div><div class=\"gem-divider \" style=\"margin-top: 20px;\"><\/div>[vc_column_text]<script type=\"text\/javascript\" src=\"https:\/\/www.covermanager.com\/js\/iframeResizer.min.js\"><\/script><iframe id=\"restaurante-elracodelcargol\" title=\"Reservas\" src=\"https:\/\/www.covermanager.com\/reserve\/module_restaurant\/restaurante-elracodelcargol\/spanish\" width=\"100%\" height=\"1650\" frameborder=\"0\"><\/iframe>[\/vc_column_text]<div class=\"clearboth\"><\/div><div class=\"gem-divider \" style=\"margin-top: -20px;\"><\/div>[\/vc_column_inner][vc_column_inner width=&#8221;1\/2&#8243; css=&#8221;.vc_custom_1466688554725{padding-right: 0px !important;padding-left: 0px !important;}&#8221;][vc_empty_space height=&#8221;75px&#8221;]<div class=\"gem-image gem-wrapbox gem-wrapbox-style-default gem-wrapbox-position-below\"  style=\"\"><div class=\"gem-wrapbox-inner \" ><img class=\"gem-wrapbox-element img-responsive\" src=\"https:\/\/rocxi.es\/wp-content\/uploads\/2017\/10\/LOGO-CARGOL-GRAN.jpg\" alt=\"\"\/><\/div><\/div><div class=\"clearboth\"><\/div><div class=\"gem-divider \" style=\"margin-top: 12px;\"><\/div>[vc_column_text]<\/p>\n<div class=\"title-h4\" style=\"text-align: center;\"><strong><span style=\"color: #262626;\">CONTACT<\/span><\/strong><\/div>\n<p>[\/vc_column_text]<div class=\"clearboth\"><\/div><div class=\"gem-divider \" style=\"margin-top: 12px;\"><\/div><div class=\"centered-box\"><div class=\"gem-icon gem-icon-pack-material gem-icon-size-small  gem-icon-shape-square gem-simple-icon\"  style=\"opacity: 1;\"><div class=\"gem-icon-inner\" style=\"\"><span class=\"gem-icon-half-1\" style=\"color: #f6aa0f;\"><span class=\"back-angle\">&#xf477;<\/span><\/span><span class=\"gem-icon-half-2\" style=\"color: #f6aa0f;\"><span class=\"back-angle\">&#xf477;<\/span><\/span><\/div><\/div><\/div><div class=\"clearboth\"><\/div><div class=\"gem-divider \" style=\"margin-top: 2px;\"><\/div>[vc_column_text]<\/p>\n<p style=\"text-align: center;\"><span style=\"color: #000000;\">Tel: 93 449 77 18<\/span><\/p>\n<p>[\/vc_column_text]<div class=\"clearboth\"><\/div><div class=\"gem-divider \" style=\"margin-top: 20px;\"><\/div><div class=\"centered-box\"><div class=\"gem-icon gem-icon-pack-elegant gem-icon-size-small  gem-icon-shape-square gem-simple-icon\"  style=\"margin-bottom: 5px;opacity: 1;\"><div class=\"gem-icon-inner\" style=\"\"><span class=\"gem-icon-half-1\" style=\"color: #f6aa0f;\"><span class=\"back-angle\">&#xe010;<\/span><\/span><span class=\"gem-icon-half-2\" style=\"color: #f6aa0f;\"><span class=\"back-angle\">&#xe010;<\/span><\/span><\/div><\/div><\/div>[vc_column_text]<\/p>\n<p style=\"text-align: center;\"><span style=\"color: #000000;\">E-mail:<\/span>\u00a0<a class=\"links\" href=\"mailto:cargol@rocxi.es\">cargol@rocxi.es<\/a><\/p>\n<p>[\/vc_column_text]<div class=\"centered-box\"><div class=\"gem-icon gem-icon-pack-elegant gem-icon-size-small  gem-icon-shape-square gem-simple-icon\"  style=\"margin-bottom: 5px;opacity: 1;\"><div class=\"gem-icon-inner\" style=\"\"><span class=\"gem-icon-half-1\" style=\"color: #f6aa0f;\"><span class=\"back-angle\">&#xe081;<\/span><\/span><span class=\"gem-icon-half-2\" style=\"color: #f6aa0f;\"><span class=\"back-angle\">&#xe081;<\/span><\/span><\/div><\/div><\/div>[vc_empty_space height=&#8221;10px&#8221;][vc_column_text]<\/p>\n<p style=\"text-align: center;\"><span style=\"color: #000000;\">C\/ Doctor Mart\u00ed Juli\u00e0, 54<\/span><br \/>\n<span style=\"color: #000000;\">08903 Collblanc &#8211; L&#8217;Hospitalet (Barcelona)<\/span><\/p>\n<p>[\/vc_column_text][vc_empty_space height=&#8221;21px&#8221;][vc_column_text]<\/p>\n<p style=\"text-align: left;\"><a href=\"https:\/\/www.facebook.com\/racodelcargol\/\" target=\"_blanc\" rel=\"noopener\"><img style=\"margin: 5px; margin-left: 35%;\" src=\"http:\/\/rocxi.es\/wp-content\/uploads\/2017\/12\/FACEBOOK.png\" \/><\/a><a href=\"https:\/\/www.instagram.com\/elracodelcargol\/?hl=es\" target=\"_blanc\" rel=\"noopener\"><img style=\"margin: 5px;\" src=\"http:\/\/rocxi.es\/wp-content\/uploads\/2017\/12\/IG.png\" \/><\/a><\/p>\n<p>[\/vc_column_text][vc_empty_space height=&#8221;21px&#8221;][vc_column_text css=&#8221;.vc_custom_1512051644244{padding-bottom: -5px !important;}&#8221;]<\/p>\n<div class=\"title-h4\" style=\"text-align: center;\"><span style=\"color: #262626;\">TIME<\/span><\/div>\n<p>[\/vc_column_text]<div class=\"centered-box\"><div class=\"gem-icon gem-icon-pack-material gem-icon-size-small  gem-icon-shape-square gem-simple-icon\"  style=\"opacity: 1;\"><div class=\"gem-icon-inner\" style=\"\"><span class=\"gem-icon-half-1\" style=\"color: #f6aa0f;\"><span class=\"back-angle\">&#xf221;<\/span><\/span><span class=\"gem-icon-half-2\" style=\"color: #f6aa0f;\"><span class=\"back-angle\">&#xf221;<\/span><\/span><\/div><\/div><\/div><div class=\"clearboth\"><\/div><div class=\"gem-divider \" style=\"margin-top: 2px;\"><\/div>[vc_empty_space height=&#8221;5px&#8221;][vc_column_text]<\/p>\n<p style=\"text-align: center;\"><span style=\"color: #000000; font-size: 10pt;\"><b>Lunch<\/b>: From Monday to Saturday from 13:30h to 16:00 h.<br \/>\n<b>Dinnar<\/b>: From Tuesday to Saturday from 20:30 h to 23:00 h.<br \/>\n<b>Sunday closed<\/b> (except july and december).<\/span><\/p>\n<p>[\/vc_column_text][vc_empty_space][\/vc_column_inner][\/vc_row_inner]<\/div><\/div><\/div>[\/vc_column][\/vc_row][vc_row css=&#8221;.vc_custom_1469629433553{margin-top: 0px !important;margin-bottom: 0px !important;padding-top: 0px !important;padding-bottom: 0px !important;}&#8221; el_class=&#8221;custom-padding&#8221;][vc_column css=&#8221;.vc_custom_1469629350433{margin-top: 0px !important;margin-bottom: 0px !important;padding-top: 0px !important;padding-bottom: 0px !important;}&#8221;]<div id=\"fullwidth-block-69d640862e7ae\" class=\"fullwidth-block clearfix\"  style=\"\"><script type=\"text\/javascript\">if (typeof(gem_fix_fullwidth_position) == \"function\") { gem_fix_fullwidth_position(document.getElementById(\"fullwidth-block-69d640862e7ae\")); }<\/script><div class=\"fullwidth-block-inner\"><div class=\"gem-map-with-text\"><div class=\"gem-map-with-text-content\" style=\"background-color: #ffffff;\"><\/div><div class=\"gem-map-with-text-map\">[vc_gmaps link=\"#E-8_JTNDaWZyYW1lJTIwc3JjJTNEJTIyaHR0cHMlM0ElMkYlMkZzbmF6enltYXBzLmNvbSUyRmVtYmVkJTJGMjU4ODUlMjIlMjB3aWR0aCUzRCUyMjEwMCUyNSUyMiUyMGhlaWdodCUzRCUyMjYwMHB4JTIyJTIwc3R5bGUlM0QlMjJib3JkZXIlM0Fub25lJTNCJTIyJTNFJTNDJTJGaWZyYW1lJTNF\" size=\"596\" disable_scroll=\"1\"]<\/div><\/div><\/div><\/div>[\/vc_column][\/vc_row]<\/p>\n","protected":false},"excerpt":{"rendered":"<p>[vc_row][vc_column][\/vc_column][\/vc_row][vc_row][vc_column el_class=&#8221;z-index&#8221; css=&#8221;.vc_custom_1509298613504{margin-top: -100px !important;}&#8221;][\/vc_column][\/vc_row][vc_row css=&#8221;.vc_custom_1469629433553{margin-top: 0px !important;margin-bottom: 0px !important;padding-top: 0px !important;padding-bottom: 0px !important;}&#8221; el_class=&#8221;custom-padding&#8221;][vc_column css=&#8221;.vc_custom_1469629350433{margin-top: 0px !important;margin-bottom: 0px !important;padding-top:&#8230;<\/p>\n","protected":false},"author":1,"featured_media":0,"parent":0,"menu_order":0,"comment_status":"closed","ping_status":"closed","template":"","meta":[],"yoast_head":"<!-- This site is optimized with the Yoast SEO plugin v17.2 - https:\/\/yoast.com\/wordpress\/plugins\/seo\/ -->\n<title>Book a table in El Rac\u00f3 del Rocxi - L&#039;Hospitalet - ROCXI RESTAURANTS<\/title>\n<meta name=\"description\" content=\"Book a table in El Rac\u00f3 del Cargol located in Hospitalet. We offer the best dishes of Mediterranean cuisine and an acclaimed wine list. We wait!\" \/>\n<meta name=\"robots\" content=\"index, follow, max-snippet:-1, max-image-preview:large, max-video-preview:-1\" \/>\n<link rel=\"canonical\" href=\"https:\/\/rocxi.es\/en\/reserva-al-raco-del-cargol\/\" \/>\n<meta property=\"og:locale\" content=\"en_US\" \/>\n<meta property=\"og:type\" content=\"article\" \/>\n<meta property=\"og:title\" content=\"Book a table in El Rac\u00f3 del Rocxi - L&#039;Hospitalet - ROCXI RESTAURANTS\" \/>\n<meta property=\"og:description\" content=\"Book a table in El Rac\u00f3 del Cargol located in Hospitalet. We offer the best dishes of Mediterranean cuisine and an acclaimed wine list. We wait!\" \/>\n<meta property=\"og:url\" content=\"https:\/\/rocxi.es\/en\/reserva-al-raco-del-cargol\/\" \/>\n<meta property=\"og:site_name\" content=\"ROCXI Restaurants - Barcelona, Sants, l&#039;Hospitalet, Sant Joan Desp\u00ed\" \/>\n<meta property=\"article:modified_time\" content=\"2025-09-30T13:28:29+00:00\" \/>\n<meta property=\"og:image\" content=\"http:\/\/rocxi.es\/wp-content\/uploads\/2017\/12\/FACEBOOK.png\" \/>\n<meta name=\"twitter:card\" content=\"summary\" \/>\n<meta name=\"twitter:label1\" content=\"Est. reading time\" \/>\n\t<meta name=\"twitter:data1\" content=\"2 minutes\" \/>\n<script type=\"application\/ld+json\" class=\"yoast-schema-graph\">{\"@context\":\"https:\/\/schema.org\",\"@graph\":[{\"@type\":\"WebSite\",\"@id\":\"https:\/\/rocxi.es\/#website\",\"url\":\"https:\/\/rocxi.es\/\",\"name\":\"ROCXI Restaurants - Barcelona, Sants, l&#039;Hospitalet, Sant Joan Desp\\u00ed\",\"description\":\"A ROCXI Restaurants oferim l&#039;aut\\u00e8ntica cuina mediterr\\u00e0nia amb una cuidada carta de vins, obtenint la millor combinaci\\u00f3 de qualitat i preu.\",\"potentialAction\":[{\"@type\":\"SearchAction\",\"target\":{\"@type\":\"EntryPoint\",\"urlTemplate\":\"https:\/\/rocxi.es\/?s={search_term_string}\"},\"query-input\":\"required name=search_term_string\"}],\"inLanguage\":\"en-US\"},{\"@type\":\"ImageObject\",\"@id\":\"https:\/\/rocxi.es\/en\/reserva-al-raco-del-cargol\/#primaryimage\",\"inLanguage\":\"en-US\",\"url\":\"http:\/\/rocxi.es\/wp-content\/uploads\/2017\/12\/FACEBOOK.png\",\"contentUrl\":\"http:\/\/rocxi.es\/wp-content\/uploads\/2017\/12\/FACEBOOK.png\"},{\"@type\":\"WebPage\",\"@id\":\"https:\/\/rocxi.es\/en\/reserva-al-raco-del-cargol\/#webpage\",\"url\":\"https:\/\/rocxi.es\/en\/reserva-al-raco-del-cargol\/\",\"name\":\"Book a table in El Rac\\u00f3 del Rocxi - L'Hospitalet - ROCXI RESTAURANTS\",\"isPartOf\":{\"@id\":\"https:\/\/rocxi.es\/#website\"},\"primaryImageOfPage\":{\"@id\":\"https:\/\/rocxi.es\/en\/reserva-al-raco-del-cargol\/#primaryimage\"},\"datePublished\":\"2017-11-30T14:24:15+00:00\",\"dateModified\":\"2025-09-30T13:28:29+00:00\",\"description\":\"Book a table in El Rac\\u00f3 del Cargol located in Hospitalet. We offer the best dishes of Mediterranean cuisine and an acclaimed wine list. We wait!\",\"breadcrumb\":{\"@id\":\"https:\/\/rocxi.es\/en\/reserva-al-raco-del-cargol\/#breadcrumb\"},\"inLanguage\":\"en-US\",\"potentialAction\":[{\"@type\":\"ReadAction\",\"target\":[\"https:\/\/rocxi.es\/en\/reserva-al-raco-del-cargol\/\"]}]},{\"@type\":\"BreadcrumbList\",\"@id\":\"https:\/\/rocxi.es\/en\/reserva-al-raco-del-cargol\/#breadcrumb\",\"itemListElement\":[{\"@type\":\"ListItem\",\"position\":1,\"name\":\"Portada\",\"item\":\"https:\/\/rocxi.es\/en\/\"},{\"@type\":\"ListItem\",\"position\":2,\"name\":\"Reserva al Rac\\u00f3 del Cargol\"}]}]}<\/script>\n<!-- \/ Yoast SEO plugin. -->","yoast_head_json":{"title":"Book a table in El Rac\u00f3 del Rocxi - L'Hospitalet - ROCXI RESTAURANTS","description":"Book a table in El Rac\u00f3 del Cargol located in Hospitalet. We offer the best dishes of Mediterranean cuisine and an acclaimed wine list. We wait!","robots":{"index":"index","follow":"follow","max-snippet":"max-snippet:-1","max-image-preview":"max-image-preview:large","max-video-preview":"max-video-preview:-1"},"canonical":"https:\/\/rocxi.es\/en\/reserva-al-raco-del-cargol\/","og_locale":"en_US","og_type":"article","og_title":"Book a table in El Rac\u00f3 del Rocxi - L'Hospitalet - ROCXI RESTAURANTS","og_description":"Book a table in El Rac\u00f3 del Cargol located in Hospitalet. We offer the best dishes of Mediterranean cuisine and an acclaimed wine list. We wait!","og_url":"https:\/\/rocxi.es\/en\/reserva-al-raco-del-cargol\/","og_site_name":"ROCXI Restaurants - Barcelona, Sants, l&#039;Hospitalet, Sant Joan Desp\u00ed","article_modified_time":"2025-09-30T13:28:29+00:00","og_image":[{"url":"http:\/\/rocxi.es\/wp-content\/uploads\/2017\/12\/FACEBOOK.png"}],"twitter_card":"summary","twitter_misc":{"Est. reading time":"2 minutes"},"schema":{"@context":"https:\/\/schema.org","@graph":[{"@type":"WebSite","@id":"https:\/\/rocxi.es\/#website","url":"https:\/\/rocxi.es\/","name":"ROCXI Restaurants - Barcelona, Sants, l&#039;Hospitalet, Sant Joan Desp\u00ed","description":"A ROCXI Restaurants oferim l&#039;aut\u00e8ntica cuina mediterr\u00e0nia amb una cuidada carta de vins, obtenint la millor combinaci\u00f3 de qualitat i preu.","potentialAction":[{"@type":"SearchAction","target":{"@type":"EntryPoint","urlTemplate":"https:\/\/rocxi.es\/?s={search_term_string}"},"query-input":"required name=search_term_string"}],"inLanguage":"en-US"},{"@type":"ImageObject","@id":"https:\/\/rocxi.es\/en\/reserva-al-raco-del-cargol\/#primaryimage","inLanguage":"en-US","url":"http:\/\/rocxi.es\/wp-content\/uploads\/2017\/12\/FACEBOOK.png","contentUrl":"http:\/\/rocxi.es\/wp-content\/uploads\/2017\/12\/FACEBOOK.png"},{"@type":"WebPage","@id":"https:\/\/rocxi.es\/en\/reserva-al-raco-del-cargol\/#webpage","url":"https:\/\/rocxi.es\/en\/reserva-al-raco-del-cargol\/","name":"Book a table in El Rac\u00f3 del Rocxi - L'Hospitalet - ROCXI RESTAURANTS","isPartOf":{"@id":"https:\/\/rocxi.es\/#website"},"primaryImageOfPage":{"@id":"https:\/\/rocxi.es\/en\/reserva-al-raco-del-cargol\/#primaryimage"},"datePublished":"2017-11-30T14:24:15+00:00","dateModified":"2025-09-30T13:28:29+00:00","description":"Book a table in El Rac\u00f3 del Cargol located in Hospitalet. We offer the best dishes of Mediterranean cuisine and an acclaimed wine list. We wait!","breadcrumb":{"@id":"https:\/\/rocxi.es\/en\/reserva-al-raco-del-cargol\/#breadcrumb"},"inLanguage":"en-US","potentialAction":[{"@type":"ReadAction","target":["https:\/\/rocxi.es\/en\/reserva-al-raco-del-cargol\/"]}]},{"@type":"BreadcrumbList","@id":"https:\/\/rocxi.es\/en\/reserva-al-raco-del-cargol\/#breadcrumb","itemListElement":[{"@type":"ListItem","position":1,"name":"Portada","item":"https:\/\/rocxi.es\/en\/"},{"@type":"ListItem","position":2,"name":"Reserva al Rac\u00f3 del Cargol"}]}]}},"_links":{"self":[{"href":"https:\/\/rocxi.es\/en\/wp-json\/wp\/v2\/pages\/31296"}],"collection":[{"href":"https:\/\/rocxi.es\/en\/wp-json\/wp\/v2\/pages"}],"about":[{"href":"https:\/\/rocxi.es\/en\/wp-json\/wp\/v2\/types\/page"}],"author":[{"embeddable":true,"href":"https:\/\/rocxi.es\/en\/wp-json\/wp\/v2\/users\/1"}],"replies":[{"embeddable":true,"href":"https:\/\/rocxi.es\/en\/wp-json\/wp\/v2\/comments?post=31296"}],"version-history":[{"count":2,"href":"https:\/\/rocxi.es\/en\/wp-json\/wp\/v2\/pages\/31296\/revisions"}],"predecessor-version":[{"id":42799,"href":"https:\/\/rocxi.es\/en\/wp-json\/wp\/v2\/pages\/31296\/revisions\/42799"}],"wp:attachment":[{"href":"https:\/\/rocxi.es\/en\/wp-json\/wp\/v2\/media?parent=31296"}],"curies":[{"name":"wp","href":"https:\/\/api.w.org\/{rel}","templated":true}]}}