{"id":31162,"date":"2017-11-30T11:02:24","date_gmt":"2017-11-30T11:02:24","guid":{"rendered":"http:\/\/rocxi.es\/?page_id=31162"},"modified":"2025-09-30T13:34:27","modified_gmt":"2025-09-30T13:34:27","slug":"reserva-al-rocxi-sant-joan","status":"publish","type":"page","link":"https:\/\/rocxi.es\/en\/reserva-al-rocxi-sant-joan\/","title":{"rendered":"Reserva al Rocxi Sant Joan"},"content":{"rendered":"<p>[vc_row][vc_column][rev_slider_vc alias=&#8221;reserva-santjoan-ingles&#8221;][\/vc_column][\/vc_row][vc_row][vc_column el_class=&#8221;z-index&#8221; css=&#8221;.vc_custom_1509298613504{margin-top: -100px !important;}&#8221;]<div id=\"fullwidth-block-69f1032aee354\" class=\"fullwidth-block clearfix\"  style=\"padding-top: 194px;padding-left: 20px;padding-right: 20px;\"><script type=\"text\/javascript\">if (typeof(gem_fix_fullwidth_position) == \"function\") { gem_fix_fullwidth_position(document.getElementById(\"fullwidth-block-69f1032aee354\")); }<\/script><div class=\"fullwidth-block-background\" style=\"background-image: url(https:\/\/rocxi.es\/wp-content\/uploads\/2017\/10\/banner-ristorante.png);background-repeat: no-repeat;background-position: center top;\"><\/div><div class=\"fullwidth-block-inner\"><div class=\"container\">[vc_row_inner css=&#8221;.vc_custom_1466689325559{background-color: #ffffff !important;}&#8221;][vc_column_inner offset=&#8221;vc_col-lg-offset-0&#8243; css=&#8221;.vc_custom_1676031036249{padding-right: 50px !important;padding-left: 50px !important;}&#8221; el_id=&#8221;centrarcolumna&#8221;]<div class=\"clearboth\"><\/div><div class=\"gem-divider \" style=\"margin-top: 12px;\"><\/div>[vc_column_text]<\/p>\n<div class=\"title-h4\"><span style=\"color: #262626;\">BOOK A TABLE<\/span><\/div>\n<p>[\/vc_column_text]<div class=\"clearboth\"><\/div><div class=\"gem-divider \" style=\"margin-top: 20px;\"><\/div>[vc_empty_space height=&#8221;75px&#8221;]<div class=\"gem-image gem-wrapbox gem-wrapbox-style-default gem-wrapbox-position-below\"  style=\"width: 360px;height: 360px;\"><div class=\"gem-wrapbox-inner \" ><img class=\"gem-wrapbox-element img-responsive\" src=\"https:\/\/rocxi.es\/wp-content\/uploads\/2017\/10\/LOGO-SANT-JOAN-GRAN.jpg\" alt=\"\"\/><\/div><\/div><div class=\"clearboth\"><\/div><div class=\"gem-divider \" style=\"margin-top: 12px;\"><\/div>[vc_column_text]<\/p>\n<div class=\"title-h4\" style=\"text-align: center;\"><strong><span style=\"color: #262626;\">CONTACT<\/span><\/strong><\/div>\n<p>[\/vc_column_text]<div class=\"clearboth\"><\/div><div class=\"gem-divider \" style=\"margin-top: 12px;\"><\/div><div class=\"centered-box\"><div class=\"gem-icon gem-icon-pack-material gem-icon-size-small  gem-icon-shape-square gem-simple-icon\"  style=\"opacity: 1;\"><div class=\"gem-icon-inner\" style=\"\"><span class=\"gem-icon-half-1\" style=\"color: #f6aa0f;\"><span class=\"back-angle\">&#xf477;<\/span><\/span><span class=\"gem-icon-half-2\" style=\"color: #f6aa0f;\"><span class=\"back-angle\">&#xf477;<\/span><\/span><\/div><\/div><\/div><div class=\"clearboth\"><\/div><div class=\"gem-divider \" style=\"margin-top: 2px;\"><\/div>[vc_column_text]<\/p>\n<p style=\"text-align: center;\"><span style=\"color: #000000;\">Tel. 93 477 74 41<\/span><\/p>\n<p>[\/vc_column_text]<div class=\"clearboth\"><\/div><div class=\"gem-divider \" style=\"margin-top: 20px;\"><\/div><div class=\"centered-box\"><div class=\"gem-icon gem-icon-pack-elegant gem-icon-size-small  gem-icon-shape-square gem-simple-icon\"  style=\"margin-bottom: 5px;opacity: 1;\"><div class=\"gem-icon-inner\" style=\"\"><span class=\"gem-icon-half-1\" style=\"color: #f6aa0f;\"><span class=\"back-angle\">&#xe010;<\/span><\/span><span class=\"gem-icon-half-2\" style=\"color: #f6aa0f;\"><span class=\"back-angle\">&#xe010;<\/span><\/span><\/div><\/div><\/div>[vc_column_text]<\/p>\n<p style=\"text-align: center;\"><span style=\"color: #000000;\">E-mail:<\/span>\u00a0<a class=\"links\" href=\"mailto:rocxi@rocxi.es\">rocxi@rocxi.es<\/a><\/p>\n<p>[\/vc_column_text]<div class=\"centered-box\"><div class=\"gem-icon gem-icon-pack-elegant gem-icon-size-small  gem-icon-shape-square gem-simple-icon\"  style=\"margin-bottom: 5px;opacity: 1;\"><div class=\"gem-icon-inner\" style=\"\"><span class=\"gem-icon-half-1\" style=\"color: #f6aa0f;\"><span class=\"back-angle\">&#xe081;<\/span><\/span><span class=\"gem-icon-half-2\" style=\"color: #f6aa0f;\"><span class=\"back-angle\">&#xe081;<\/span><\/span><\/div><\/div><\/div>[vc_column_text]<\/p>\n<p style=\"text-align: center;\"><span style=\"color: #000000;\">C\/ Rubio i Tudur\u00ed, 4<\/span><br \/>\n<span style=\"color: #000000;\">08970 Sant Joan Desp\u00ed (Barcelona)<\/span><\/p>\n<p>[\/vc_column_text][vc_empty_space height=&#8221;21px&#8221;][vc_column_text]<\/p>\n<p style=\"text-align: center;\"><a href=\"https:\/\/www.facebook.com\/rocxisantjoan\/\" target=\"_blanc\" rel=\"noopener\"><img style=\"margin: 5px;\" src=\"http:\/\/rocxi.es\/wp-content\/uploads\/2017\/12\/FACEBOOK.png\" \/><\/a><a href=\"https:\/\/www.instagram.com\/rocxisantjoan\/?hl=es\" target=\"_blanc\" rel=\"noopener\"><img style=\"margin: 5px;\" src=\"http:\/\/rocxi.es\/wp-content\/uploads\/2017\/12\/IG.png\" \/><\/a><\/p>\n<p>[\/vc_column_text][vc_empty_space height=&#8221;10px&#8221;][vc_column_text css=&#8221;.vc_custom_1512382421852{padding-bottom: -5px !important;}&#8221;]<\/p>\n<div class=\"title-h4\" style=\"text-align: center;\">\n<pre id=\"tw-target-text\" class=\"tw-data-text tw-ta tw-text-large\" dir=\"ltr\" data-placeholder=\"Traducci\u00f3n\" data-fulltext=\"\"><span lang=\"en\" style=\"color: #000000;\">TIME<\/span><\/pre>\n<\/div>\n<p>[\/vc_column_text]<div class=\"centered-box\"><div class=\"gem-icon gem-icon-pack-material gem-icon-size-small  gem-icon-shape-square gem-simple-icon\"  style=\"opacity: 1;\"><div class=\"gem-icon-inner\" style=\"\"><span class=\"gem-icon-half-1\" style=\"color: #f6aa0f;\"><span class=\"back-angle\">&#xf221;<\/span><\/span><span class=\"gem-icon-half-2\" style=\"color: #f6aa0f;\"><span class=\"back-angle\">&#xf221;<\/span><\/span><\/div><\/div><\/div><div class=\"clearboth\"><\/div><div class=\"gem-divider \" style=\"margin-top: 2px;\"><\/div>[vc_empty_space height=&#8221;5px&#8221;][vc_column_text]<\/p>\n<p style=\"text-align: center;\"><span style=\"color: #000000; font-size: 10pt;\"><strong>Lunch:<\/strong>\u00a0From Tuesday to Sunday from 13:30 to 16:00 h.<br \/>\n<strong>Dinner:<\/strong>\u00a0From Tuesday to Saturday from 20:30 to 23:00 h.<br \/>\nOpen terrace from 13:30 to 17:00 h. and from 20:30 to 00:00 h.<br \/>\n<b>Monday closed<\/b><\/span><\/p>\n<p>[\/vc_column_text][vc_empty_space][\/vc_column_inner][\/vc_row_inner]<\/div><\/div><\/div>[\/vc_column][\/vc_row][vc_row css=&#8221;.vc_custom_1469629433553{margin-top: 0px !important;margin-bottom: 0px !important;padding-top: 0px !important;padding-bottom: 0px !important;}&#8221; el_class=&#8221;custom-padding&#8221;][vc_column css=&#8221;.vc_custom_1469629350433{margin-top: 0px !important;margin-bottom: 0px !important;padding-top: 0px !important;padding-bottom: 0px !important;}&#8221;]<div id=\"fullwidth-block-69f1032aee74f\" class=\"fullwidth-block clearfix\"  style=\"\"><script type=\"text\/javascript\">if (typeof(gem_fix_fullwidth_position) == \"function\") { gem_fix_fullwidth_position(document.getElementById(\"fullwidth-block-69f1032aee74f\")); }<\/script><div class=\"fullwidth-block-inner\"><div class=\"gem-map-with-text\"><div class=\"gem-map-with-text-content\" style=\"background-color: #ffffff;\"><\/div><div class=\"gem-map-with-text-map\">[vc_gmaps link=\"#E-8_JTNDaWZyYW1lJTIwc3JjJTNEJTIyaHR0cHMlM0ElMkYlMkZzbmF6enltYXBzLmNvbSUyRmVtYmVkJTJGMjY1MjUlMjIlMjB3aWR0aCUzRCUyMjEwMCUyNSUyMiUyMGhlaWdodCUzRCUyMjYwMHB4JTIyJTIwc3R5bGUlM0QlMjJib3JkZXIlM0Fub25lJTNCJTIyJTNFJTNDJTJGaWZyYW1lJTNFJTBBJTBBJTBBJTBBJTBBJTBBJTBB\" size=\"596\" disable_scroll=\"1\"]<\/div><\/div><\/div><\/div>[\/vc_column][\/vc_row]<\/p>\n","protected":false},"excerpt":{"rendered":"<p>[vc_row][vc_column][rev_slider_vc alias=&#8221;reserva-santjoan-ingles&#8221;][\/vc_column][\/vc_row][vc_row][vc_column el_class=&#8221;z-index&#8221; css=&#8221;.vc_custom_1509298613504{margin-top: -100px !important;}&#8221;][\/vc_column][\/vc_row][vc_row css=&#8221;.vc_custom_1469629433553{margin-top: 0px !important;margin-bottom: 0px !important;padding-top: 0px !important;padding-bottom: 0px !important;}&#8221; el_class=&#8221;custom-padding&#8221;][vc_column css=&#8221;.vc_custom_1469629350433{margin-top: 0px !important;margin-bottom: 0px&#8230;<\/p>\n","protected":false},"author":1,"featured_media":0,"parent":0,"menu_order":0,"comment_status":"closed","ping_status":"closed","template":"","meta":[],"yoast_head":"<!-- This site is optimized with the Yoast SEO plugin v17.2 - https:\/\/yoast.com\/wordpress\/plugins\/seo\/ -->\n<title>Reserva al Rocxi Sant Joan - ROCXI Restaurants - Barcelona, Sants, l&#039;Hospitalet, Sant Joan Desp\u00ed<\/title>\n<meta name=\"robots\" content=\"index, follow, max-snippet:-1, max-image-preview:large, max-video-preview:-1\" \/>\n<link rel=\"canonical\" href=\"https:\/\/rocxi.es\/en\/reserva-al-rocxi-sant-joan\/\" \/>\n<meta property=\"og:locale\" content=\"en_US\" \/>\n<meta property=\"og:type\" content=\"article\" \/>\n<meta property=\"og:title\" content=\"Reserva al Rocxi Sant Joan - ROCXI Restaurants - Barcelona, Sants, l&#039;Hospitalet, Sant Joan Desp\u00ed\" \/>\n<meta property=\"og:description\" content=\"[vc_row][vc_column][rev_slider_vc alias=&#8221;reserva-santjoan-ingles&#8221;][\/vc_column][\/vc_row][vc_row][vc_column el_class=&#8221;z-index&#8221; css=&#8221;.vc_custom_1509298613504{margin-top: -100px !important;}&#8221;][\/vc_column][\/vc_row][vc_row css=&#8221;.vc_custom_1469629433553{margin-top: 0px !important;margin-bottom: 0px !important;padding-top: 0px !important;padding-bottom: 0px !important;}&#8221; el_class=&#8221;custom-padding&#8221;][vc_column css=&#8221;.vc_custom_1469629350433{margin-top: 0px !important;margin-bottom: 0px...\" \/>\n<meta property=\"og:url\" content=\"https:\/\/rocxi.es\/en\/reserva-al-rocxi-sant-joan\/\" \/>\n<meta property=\"og:site_name\" content=\"ROCXI Restaurants - Barcelona, Sants, l&#039;Hospitalet, Sant Joan Desp\u00ed\" \/>\n<meta property=\"article:modified_time\" content=\"2025-09-30T13:34:27+00:00\" \/>\n<meta property=\"og:image\" content=\"http:\/\/rocxi.es\/wp-content\/uploads\/2017\/12\/FACEBOOK.png\" \/>\n<meta name=\"twitter:card\" content=\"summary\" \/>\n<meta name=\"twitter:label1\" content=\"Est. reading time\" \/>\n\t<meta name=\"twitter:data1\" content=\"2 minutes\" \/>\n<script type=\"application\/ld+json\" class=\"yoast-schema-graph\">{\"@context\":\"https:\/\/schema.org\",\"@graph\":[{\"@type\":\"WebSite\",\"@id\":\"https:\/\/rocxi.es\/#website\",\"url\":\"https:\/\/rocxi.es\/\",\"name\":\"ROCXI Restaurants - Barcelona, Sants, l&#039;Hospitalet, Sant Joan Desp\\u00ed\",\"description\":\"A ROCXI Restaurants oferim l&#039;aut\\u00e8ntica cuina mediterr\\u00e0nia amb una cuidada carta de vins, obtenint la millor combinaci\\u00f3 de qualitat i preu.\",\"potentialAction\":[{\"@type\":\"SearchAction\",\"target\":{\"@type\":\"EntryPoint\",\"urlTemplate\":\"https:\/\/rocxi.es\/?s={search_term_string}\"},\"query-input\":\"required name=search_term_string\"}],\"inLanguage\":\"en-US\"},{\"@type\":\"ImageObject\",\"@id\":\"https:\/\/rocxi.es\/en\/reserva-al-rocxi-sant-joan\/#primaryimage\",\"inLanguage\":\"en-US\",\"url\":\"http:\/\/rocxi.es\/wp-content\/uploads\/2017\/12\/FACEBOOK.png\",\"contentUrl\":\"http:\/\/rocxi.es\/wp-content\/uploads\/2017\/12\/FACEBOOK.png\"},{\"@type\":\"WebPage\",\"@id\":\"https:\/\/rocxi.es\/en\/reserva-al-rocxi-sant-joan\/#webpage\",\"url\":\"https:\/\/rocxi.es\/en\/reserva-al-rocxi-sant-joan\/\",\"name\":\"Reserva al Rocxi Sant Joan - ROCXI Restaurants - Barcelona, Sants, l&#039;Hospitalet, Sant Joan Desp\\u00ed\",\"isPartOf\":{\"@id\":\"https:\/\/rocxi.es\/#website\"},\"primaryImageOfPage\":{\"@id\":\"https:\/\/rocxi.es\/en\/reserva-al-rocxi-sant-joan\/#primaryimage\"},\"datePublished\":\"2017-11-30T11:02:24+00:00\",\"dateModified\":\"2025-09-30T13:34:27+00:00\",\"breadcrumb\":{\"@id\":\"https:\/\/rocxi.es\/en\/reserva-al-rocxi-sant-joan\/#breadcrumb\"},\"inLanguage\":\"en-US\",\"potentialAction\":[{\"@type\":\"ReadAction\",\"target\":[\"https:\/\/rocxi.es\/en\/reserva-al-rocxi-sant-joan\/\"]}]},{\"@type\":\"BreadcrumbList\",\"@id\":\"https:\/\/rocxi.es\/en\/reserva-al-rocxi-sant-joan\/#breadcrumb\",\"itemListElement\":[{\"@type\":\"ListItem\",\"position\":1,\"name\":\"Portada\",\"item\":\"https:\/\/rocxi.es\/en\/\"},{\"@type\":\"ListItem\",\"position\":2,\"name\":\"Reserva al Rocxi Sant Joan\"}]}]}<\/script>\n<!-- \/ Yoast SEO plugin. -->","yoast_head_json":{"title":"Reserva al Rocxi Sant Joan - ROCXI Restaurants - Barcelona, Sants, l&#039;Hospitalet, Sant Joan Desp\u00ed","robots":{"index":"index","follow":"follow","max-snippet":"max-snippet:-1","max-image-preview":"max-image-preview:large","max-video-preview":"max-video-preview:-1"},"canonical":"https:\/\/rocxi.es\/en\/reserva-al-rocxi-sant-joan\/","og_locale":"en_US","og_type":"article","og_title":"Reserva al Rocxi Sant Joan - ROCXI Restaurants - Barcelona, Sants, l&#039;Hospitalet, Sant Joan Desp\u00ed","og_description":"[vc_row][vc_column][rev_slider_vc alias=&#8221;reserva-santjoan-ingles&#8221;][\/vc_column][\/vc_row][vc_row][vc_column el_class=&#8221;z-index&#8221; css=&#8221;.vc_custom_1509298613504{margin-top: -100px !important;}&#8221;][\/vc_column][\/vc_row][vc_row css=&#8221;.vc_custom_1469629433553{margin-top: 0px !important;margin-bottom: 0px !important;padding-top: 0px !important;padding-bottom: 0px !important;}&#8221; el_class=&#8221;custom-padding&#8221;][vc_column css=&#8221;.vc_custom_1469629350433{margin-top: 0px !important;margin-bottom: 0px...","og_url":"https:\/\/rocxi.es\/en\/reserva-al-rocxi-sant-joan\/","og_site_name":"ROCXI Restaurants - Barcelona, Sants, l&#039;Hospitalet, Sant Joan Desp\u00ed","article_modified_time":"2025-09-30T13:34:27+00:00","og_image":[{"url":"http:\/\/rocxi.es\/wp-content\/uploads\/2017\/12\/FACEBOOK.png"}],"twitter_card":"summary","twitter_misc":{"Est. reading time":"2 minutes"},"schema":{"@context":"https:\/\/schema.org","@graph":[{"@type":"WebSite","@id":"https:\/\/rocxi.es\/#website","url":"https:\/\/rocxi.es\/","name":"ROCXI Restaurants - Barcelona, Sants, l&#039;Hospitalet, Sant Joan Desp\u00ed","description":"A ROCXI Restaurants oferim l&#039;aut\u00e8ntica cuina mediterr\u00e0nia amb una cuidada carta de vins, obtenint la millor combinaci\u00f3 de qualitat i preu.","potentialAction":[{"@type":"SearchAction","target":{"@type":"EntryPoint","urlTemplate":"https:\/\/rocxi.es\/?s={search_term_string}"},"query-input":"required name=search_term_string"}],"inLanguage":"en-US"},{"@type":"ImageObject","@id":"https:\/\/rocxi.es\/en\/reserva-al-rocxi-sant-joan\/#primaryimage","inLanguage":"en-US","url":"http:\/\/rocxi.es\/wp-content\/uploads\/2017\/12\/FACEBOOK.png","contentUrl":"http:\/\/rocxi.es\/wp-content\/uploads\/2017\/12\/FACEBOOK.png"},{"@type":"WebPage","@id":"https:\/\/rocxi.es\/en\/reserva-al-rocxi-sant-joan\/#webpage","url":"https:\/\/rocxi.es\/en\/reserva-al-rocxi-sant-joan\/","name":"Reserva al Rocxi Sant Joan - ROCXI Restaurants - Barcelona, Sants, l&#039;Hospitalet, Sant Joan Desp\u00ed","isPartOf":{"@id":"https:\/\/rocxi.es\/#website"},"primaryImageOfPage":{"@id":"https:\/\/rocxi.es\/en\/reserva-al-rocxi-sant-joan\/#primaryimage"},"datePublished":"2017-11-30T11:02:24+00:00","dateModified":"2025-09-30T13:34:27+00:00","breadcrumb":{"@id":"https:\/\/rocxi.es\/en\/reserva-al-rocxi-sant-joan\/#breadcrumb"},"inLanguage":"en-US","potentialAction":[{"@type":"ReadAction","target":["https:\/\/rocxi.es\/en\/reserva-al-rocxi-sant-joan\/"]}]},{"@type":"BreadcrumbList","@id":"https:\/\/rocxi.es\/en\/reserva-al-rocxi-sant-joan\/#breadcrumb","itemListElement":[{"@type":"ListItem","position":1,"name":"Portada","item":"https:\/\/rocxi.es\/en\/"},{"@type":"ListItem","position":2,"name":"Reserva al Rocxi Sant Joan"}]}]}},"_links":{"self":[{"href":"https:\/\/rocxi.es\/en\/wp-json\/wp\/v2\/pages\/31162"}],"collection":[{"href":"https:\/\/rocxi.es\/en\/wp-json\/wp\/v2\/pages"}],"about":[{"href":"https:\/\/rocxi.es\/en\/wp-json\/wp\/v2\/types\/page"}],"author":[{"embeddable":true,"href":"https:\/\/rocxi.es\/en\/wp-json\/wp\/v2\/users\/1"}],"replies":[{"embeddable":true,"href":"https:\/\/rocxi.es\/en\/wp-json\/wp\/v2\/comments?post=31162"}],"version-history":[{"count":4,"href":"https:\/\/rocxi.es\/en\/wp-json\/wp\/v2\/pages\/31162\/revisions"}],"predecessor-version":[{"id":42801,"href":"https:\/\/rocxi.es\/en\/wp-json\/wp\/v2\/pages\/31162\/revisions\/42801"}],"wp:attachment":[{"href":"https:\/\/rocxi.es\/en\/wp-json\/wp\/v2\/media?parent=31162"}],"curies":[{"name":"wp","href":"https:\/\/api.w.org\/{rel}","templated":true}]}}